{"id":12459,"date":"2024-09-04T09:51:48","date_gmt":"2024-09-04T09:51:48","guid":{"rendered":"https:\/\/3s-kurier.de\/?page_id=12459"},"modified":"2024-09-04T09:52:10","modified_gmt":"2024-09-04T09:52:10","slug":"impressum","status":"publish","type":"page","link":"https:\/\/3s-kurier.de\/?page_id=12459","title":{"rendered":"Impressum"},"content":{"rendered":"\t\t<div data-elementor-type=\"wp-page\" data-elementor-id=\"12459\" class=\"elementor elementor-12459\" data-elementor-post-type=\"page\">\n\t\t\t\t<div class=\"elementor-element elementor-element-f94f22f e-flex e-con-boxed e-con e-parent\" data-id=\"f94f22f\" data-element_type=\"container\" data-e-type=\"container\">\n\t\t\t\t\t<div class=\"e-con-inner\">\n\t\t\t\t<div class=\"elementor-element elementor-element-dd24943 elementor-widget elementor-widget-text-editor\" data-id=\"dd24943\" data-element_type=\"widget\" data-e-type=\"widget\" data-widget_type=\"text-editor.default\">\n\t\t\t\t<div class=\"elementor-widget-container\">\n\t\t\t\t\t\t\t\t\t<p><strong>3S Kurier <\/strong>UG (haftungsbeschr\u00e4nkt)<\/p><p class=\"p1\">Dieselstrasse 7<\/p><p class=\"p1\">66130 Saarbr\u00fccken<\/p><p class=\"p1\">Telefon 0681 48585<\/p><p class=\"p1\"><a href=\"mailto:info@3s-kurier.de\">info@3s-kurier.de<\/a><\/p><p class=\"p1\"><a href=\"http:\/\/www.3s-kurier.de\"><b>www.3s-kurier.de<\/b><\/a><\/p><p>Gesch\u00e4ftsf\u00fchrer: Mark Kunkel<\/p><p class=\"p1\">Sitz der Gesellschaft Saarbr\u00fccken<\/p><p class=\"p1\">Amtsgericht Saarbr\u00fccken<\/p><p class=\"p1\">HRB Nummer 110558<\/p><p class=\"p1\">Steuernummer 04010769022<\/p>\t\t\t\t\t\t\t\t<\/div>\n\t\t\t\t<\/div>\n\t\t\t\t\t<\/div>\n\t\t\t\t<\/div>\n\t\t\t\t<\/div>\n\t\t","protected":false},"excerpt":{"rendered":"<p>3S Kurier UG (haftungsbeschr\u00e4nkt) Dieselstrasse 7 66130 Saarbr\u00fccken Telefon 0681 48585 info@3s-kurier.de www.3s-kurier.de Gesch\u00e4ftsf\u00fchrer: Mark Kunkel Sitz der Gesellschaft Saarbr\u00fccken Amtsgericht Saarbr\u00fccken HRB Nummer 110558 Steuernummer 04010769022<\/p>\n","protected":false},"author":1,"featured_media":0,"parent":0,"menu_order":0,"comment_status":"closed","ping_status":"closed","template":"","meta":{"footnotes":""},"class_list":["post-12459","page","type-page","status-publish","hentry"],"_links":{"self":[{"href":"https:\/\/3s-kurier.de\/index.php?rest_route=\/wp\/v2\/pages\/12459","targetHints":{"allow":["GET"]}}],"collection":[{"href":"https:\/\/3s-kurier.de\/index.php?rest_route=\/wp\/v2\/pages"}],"about":[{"href":"https:\/\/3s-kurier.de\/index.php?rest_route=\/wp\/v2\/types\/page"}],"author":[{"embeddable":true,"href":"https:\/\/3s-kurier.de\/index.php?rest_route=\/wp\/v2\/users\/1"}],"replies":[{"embeddable":true,"href":"https:\/\/3s-kurier.de\/index.php?rest_route=%2Fwp%2Fv2%2Fcomments&post=12459"}],"version-history":[{"count":4,"href":"https:\/\/3s-kurier.de\/index.php?rest_route=\/wp\/v2\/pages\/12459\/revisions"}],"predecessor-version":[{"id":12463,"href":"https:\/\/3s-kurier.de\/index.php?rest_route=\/wp\/v2\/pages\/12459\/revisions\/12463"}],"wp:attachment":[{"href":"https:\/\/3s-kurier.de\/index.php?rest_route=%2Fwp%2Fv2%2Fmedia&parent=12459"}],"curies":[{"name":"wp","href":"https:\/\/api.w.org\/{rel}","templated":true}]}}